{"id":2,"date":"2020-11-26T20:07:45","date_gmt":"2020-11-26T19:07:45","guid":{"rendered":"http:\/\/minecraft.dgserveur.com\/wordpress\/?page_id=2"},"modified":"2025-10-19T12:03:43","modified_gmt":"2025-10-19T16:03:43","slug":"les-serveurs-minecraft","status":"publish","type":"page","link":"https:\/\/minecraft.dgserveur.com\/wordpress\/","title":{"rendered":"Bienvenue sur le serveur Minecraft 24\/24"},"content":{"rendered":"\n<p>Un serveur qu\u00e9b\u00e9cois pas mal sympa o\u00f9 r\u00e8gne un esprit de coop\u00e9ration et d&rsquo;entraide dans le respect de tous et chacun. Pour joindre notre communaut\u00e9, veuillez vous inscrire ici: <a href=\"https:\/\/minecraft.dgserveur.com\/wordpress\/wp-login.php?action=register\">Cr\u00e9er un compte<\/a> <\/p>\n\n\n\n<h3 class=\"wp-block-heading\">Parties disponibles:<\/h3>\n\n\n\n<ol class=\"wp-block-list\">\n<li><strong>Java HermitCraft<\/strong> (Derni\u00e8re version) \u00ab\u00a0Actif\u00a0\u00bb<br>Adresse: minecraft.dgserveur.com<br>Port: 25591<\/li>\n\n\n\n<li><strong>Bedrock HermitCraft<\/strong> \u00ab\u00a0inactif (Activation sur demande)\u00a0\u00bb<br>Adresse: minecraft.dgserveur.com<br>Port: 19132<\/li>\n\n\n\n<li><strong>Java SpeedRun<\/strong> <strong>1.19.1<\/strong> \u00ab\u00a0inactif (Activation sur demande)\u00a0\u00bb<br>Adresse: minecraft.dgserveur.com<br>Port: 25585<\/li>\n\n\n\n<li><strong>Java Anarchie 1.20.4<\/strong> \u00ab\u00a0inactif\u00a0\u00bb<br>Adresse: minecraft.dgserveur.com<br>Port: 25575<\/li>\n<\/ol>\n\n\n\n<p><strong>Comment se connecter au server Bedrock avec Xbox One S ou X ou Nintendo Switch:<\/strong><\/p>\n\n\n\n<p>Allez dans \u00ab\u00a0Param\u00e8tre\u00a0\u00bb de votre Xbox, puis dans \u00ab\u00a0R\u00e9seau\u00a0\u00bb. Ensuite, \u00ab\u00a0R\u00e9seau avanc\u00e9\u00a0\u00bb -&gt; \u00ab\u00a0DNS\u00a0\u00bb. Cliquez sur \u00ab\u00a0Manuel\u00a0\u00bb et entrez ces adresses !<\/p>\n\n\n\n<ul class=\"wp-block-list\">\n<li><strong>104.238.130.180<\/strong><\/li>\n\n\n\n<li><strong>8.8.8.8<\/strong><\/li>\n<\/ul>\n\n\n\n<p>Allez dans dans votre Minecraft dans l&rsquo;onglet Serveurs. Connectez-vous \u00e0 un serveur et un menu appara\u00eetra \u00ab\u00a0Connect to a server\u00a0\u00bb. Entrez les informations: Server Address [minecraft.dgserveur.com] et Server Port [19132]. Cliquez \u00ab\u00a0Add to server list\u00a0\u00bb puis Envoyer. Pour finir, cliquez sur le serveur que vous venez d&rsquo;enregistrer!<\/p>\n\n\n\n<p>YouTube XBox:&nbsp;<a href=\"https:\/\/www.youtube.com\/watch?v=qY1siYNxjlU\" target=\"_blank\" rel=\"noreferrer noopener\">https:\/\/www.youtube.com\/watch?v=qY1siYNxjlU<\/a><br>YouTube Switch:&nbsp;<a rel=\"noreferrer noopener\" href=\"https:\/\/www.youtube.com\/watch?v=inEkGHzAQI8\" target=\"_blank\">https:\/\/www.youtube.com\/watch?v=inEkGHzAQI8<\/a><\/p>\n\n\n\n<p><strong>Comment se connecter <strong>au server Bedrock<\/strong> avec Playstation 4 ou 5, Nintendo Switch (Fonctionne aussi avec XBox):<\/strong><\/p>\n\n\n\n<p>T\u00e9l\u00e9chargez \u00ab\u00a0<a href=\"https:\/\/pocketmine.net\/?lang=fr\" target=\"_blank\" rel=\"noreferrer noopener\">PocketMine MP<\/a>\u00a0\u00bb sur votre cellulaire ou tablet Andro\u00efd. Ouvrir PocketMine et d\u00e9marrez un serveur avec l&rsquo;adresse: minecraft.dgserveur.com:19132. Ensuite vous pourrez voir dans Minecraft une partie LAN dans l&rsquo;onglet Amis. Rejoignez la partie!<\/p>\n\n\n\n<p>YouTube:&nbsp;<a href=\"https:\/\/www.youtube.com\/watch?v=yq6OZoWO2QE\" target=\"_blank\" rel=\"noreferrer noopener\">https:\/\/www.youtube.com\/watch?v=yq6OZoWO2QE<\/a><\/p>\n\n\n\n<h2 class=\"wp-block-heading\">R\u00e8glements:<\/h2>\n\n\n\n<ol class=\"wp-block-list\">\n<li>Respect des autres de leurs constructions et leurs ressources.<\/li>\n\n\n\n<li>Jouer dans un esprit de coop\u00e9ration et de communaut\u00e9.<\/li>\n\n\n\n<li>Si vous avez l&rsquo;intention de quitter, ne pas d\u00e9truire vos constructions (car elles fonts parties du bien commun. Rappel: r\u00e8glement #2).<\/li>\n\n\n\n<li>Utiliser le micro sur l&rsquo;application Xbox ou Compagnon de la console Xbox lorsque possible.<\/li>\n\n\n\n<li>Avoir un lit proche pour dormir lorsqu&rsquo;un joueur le demande. Si non, utiliser la page des commandes pour mettre le jour si il y a des joueurs qui ne peuvent dormir.<\/li>\n\n\n\n<li>D&rsquo;autres points pourront \u00eatre mis dans les r\u00e8glements &#8230;<\/li>\n<\/ol>\n\n\n\n<p>Pour faire une demande afin de joindre le groupe, veuillez communiquer avec&nbsp;<a href=\"https:\/\/m.facebook.com\/SalsaPat.Potvin\">Patrick Potvin<\/a><\/p>\n","protected":false},"excerpt":{"rendered":"<p>Un serveur qu\u00e9b\u00e9cois pas mal sympa o\u00f9 r\u00e8gne un esprit de coop\u00e9ration et d&rsquo;entraide dans le respect de tous et chacun. Pour joindre notre communaut\u00e9, veuillez vous inscrire ici: Cr\u00e9er un compte Parties disponibles: Comment se connecter au server Bedrock avec Xbox One S ou X ou Nintendo Switch: Allez dans \u00ab\u00a0Param\u00e8tre\u00a0\u00bb de votre Xbox, [&hellip;]<\/p>\n","protected":false},"author":1,"featured_media":0,"parent":0,"menu_order":0,"comment_status":"closed","ping_status":"open","template":"","meta":{"footnotes":""},"class_list":["post-2","page","type-page","status-publish","hentry"],"yoast_head":"<!-- This site is optimized with the Yoast SEO plugin v15.7 - https:\/\/yoast.com\/wordpress\/plugins\/seo\/ -->\n<title>Bienvenue sur le serveur Minecraft 24\/24 - Les Serveurs Minecraft Bedrock &amp; Java<\/title>\n<meta name=\"description\" content=\"Plusieurs serveurs disponibles pour jouer ensemble! Serveur Bedrock et serveur Java. Bienvenue \u00e0 tous.\" \/>\n<meta name=\"robots\" content=\"index, follow, max-snippet:-1, max-image-preview:large, max-video-preview:-1\" \/>\n<link rel=\"canonical\" href=\"https:\/\/minecraft.dgserveur.com\/wordpress\/\" \/>\n<meta property=\"og:locale\" content=\"fr_FR\" \/>\n<meta property=\"og:type\" content=\"article\" \/>\n<meta property=\"og:title\" content=\"Bienvenue sur le serveur Minecraft 24\/24 - Les Serveurs Minecraft Bedrock &amp; Java\" \/>\n<meta property=\"og:description\" content=\"Plusieurs serveurs disponibles pour jouer ensemble! Serveur Bedrock et serveur Java. Bienvenue \u00e0 tous.\" \/>\n<meta property=\"og:url\" content=\"https:\/\/minecraft.dgserveur.com\/wordpress\/\" \/>\n<meta property=\"og:site_name\" content=\"Les Serveurs Minecraft Bedrock &amp; Java\" \/>\n<meta property=\"article:modified_time\" content=\"2025-10-19T16:03:43+00:00\" \/>\n<meta property=\"og:image\" content=\"https:\/\/minecraft.dgserveur.com\/wordpress\/wp-content\/uploads\/2020\/11\/entete.jpg\" \/>\n\t<meta property=\"og:image:width\" content=\"890\" \/>\n\t<meta property=\"og:image:height\" content=\"358\" \/>\n<meta name=\"twitter:card\" content=\"summary_large_image\" \/>\n<meta name=\"twitter:label1\" content=\"Dur\u00e9e de lecture est.\">\n\t<meta name=\"twitter:data1\" content=\"2 minutes\">\n<script type=\"application\/ld+json\" class=\"yoast-schema-graph\">{\"@context\":\"https:\/\/schema.org\",\"@graph\":[{\"@type\":\"WebSite\",\"@id\":\"https:\/\/minecraft.dgserveur.com\/wordpress\/#website\",\"url\":\"https:\/\/minecraft.dgserveur.com\/wordpress\/\",\"name\":\"Les Serveurs Minecraft Bedrock &amp; Java\",\"description\":\"Si tu te fait exploser, fait le avec classe!\",\"potentialAction\":[{\"@type\":\"SearchAction\",\"target\":\"https:\/\/minecraft.dgserveur.com\/wordpress\/?s={search_term_string}\",\"query-input\":\"required name=search_term_string\"}],\"inLanguage\":\"fr-FR\"},{\"@type\":\"WebPage\",\"@id\":\"https:\/\/minecraft.dgserveur.com\/wordpress\/#webpage\",\"url\":\"https:\/\/minecraft.dgserveur.com\/wordpress\/\",\"name\":\"Bienvenue sur le serveur Minecraft 24\/24 - Les Serveurs Minecraft Bedrock &amp; Java\",\"isPartOf\":{\"@id\":\"https:\/\/minecraft.dgserveur.com\/wordpress\/#website\"},\"datePublished\":\"2020-11-26T19:07:45+00:00\",\"dateModified\":\"2025-10-19T16:03:43+00:00\",\"description\":\"Plusieurs serveurs disponibles pour jouer ensemble! Serveur Bedrock et serveur Java. Bienvenue \\u00e0 tous.\",\"inLanguage\":\"fr-FR\",\"potentialAction\":[{\"@type\":\"ReadAction\",\"target\":[\"https:\/\/minecraft.dgserveur.com\/wordpress\/\"]}]}]}<\/script>\n<!-- \/ Yoast SEO plugin. -->","_links":{"self":[{"href":"https:\/\/minecraft.dgserveur.com\/wordpress\/index.php\/wp-json\/wp\/v2\/pages\/2","targetHints":{"allow":["GET"]}}],"collection":[{"href":"https:\/\/minecraft.dgserveur.com\/wordpress\/index.php\/wp-json\/wp\/v2\/pages"}],"about":[{"href":"https:\/\/minecraft.dgserveur.com\/wordpress\/index.php\/wp-json\/wp\/v2\/types\/page"}],"author":[{"embeddable":true,"href":"https:\/\/minecraft.dgserveur.com\/wordpress\/index.php\/wp-json\/wp\/v2\/users\/1"}],"replies":[{"embeddable":true,"href":"https:\/\/minecraft.dgserveur.com\/wordpress\/index.php\/wp-json\/wp\/v2\/comments?post=2"}],"version-history":[{"count":36,"href":"https:\/\/minecraft.dgserveur.com\/wordpress\/index.php\/wp-json\/wp\/v2\/pages\/2\/revisions"}],"predecessor-version":[{"id":673,"href":"https:\/\/minecraft.dgserveur.com\/wordpress\/index.php\/wp-json\/wp\/v2\/pages\/2\/revisions\/673"}],"wp:attachment":[{"href":"https:\/\/minecraft.dgserveur.com\/wordpress\/index.php\/wp-json\/wp\/v2\/media?parent=2"}],"curies":[{"name":"wp","href":"https:\/\/api.w.org\/{rel}","templated":true}]}}